{"id":17,"date":"2013-10-07T00:27:26","date_gmt":"2013-10-06T23:27:26","guid":{"rendered":"http:\/\/broodjeszaaklimento.be\/test\/?page_id=17"},"modified":"2020-01-12T10:37:05","modified_gmt":"2020-01-12T09:37:05","slug":"ons-aanbod","status":"publish","type":"page","link":"https:\/\/broodjeszaaklimento.be\/?page_id=17","title":{"rendered":"Ons aanbod"},"content":{"rendered":"<p><span style=\"text-decoration: underline;\"><strong>Broodjes:<\/strong><\/span><\/p>\n<p><span style=\"text-decoration: underline;\"><strong>Groenten:<\/strong><\/span> sla, tomaten, wortelen en ei<br \/>\n<span style=\"text-decoration: underline;\"><strong>Sauzen:<\/strong><\/span> mayonnaise, cocktail, ketchup tomaat\/curry, looksaus, hannibal, tartaar, bickysaus, samourai, martinosaus, mosterd, joppie en pepersaus<\/p>\n<p><span style=\"text-decoration: underline;\"><strong>Vlees:<\/strong><\/span><\/p>\n<p><strong>Pr\u00e9par\u00e9:<\/strong> pr\u00e9par\u00e9, groenten<br \/>\n<strong>Ham:<\/strong> ham, groenten<br \/>\n<strong>Parmaham:<\/strong> groenten<br \/>\n<strong>Salami:<\/strong> salami, groenten<br \/>\n<strong>Pepersalami:<\/strong> pepersalami, groenten<br \/>\n<strong>Chorizo:<\/strong> groenten<br \/>\n<strong>Vleessalade:<\/strong> groenten<br \/>\n<strong>Kipsalade:<\/strong> groenten<br \/>\n<strong>Kip samourai:<\/strong> groenten<br \/>\n<strong>Kip hawai:<\/strong> groenten<br \/>\n<strong>Kip curry:<\/strong> groenten<br \/>\n<strong>Kipfilet:<\/strong> groenten<br \/>\n<strong>Pitasalade:<\/strong> groenten en looksaus<br \/>\n<strong>Pita pikant:<\/strong> groenten<\/p>\n<p><strong>Varkensgebraad:<\/strong> in mosterdsaus, groenten<br \/>\n<strong>Boerenpat\u00e9:<\/strong> groenten<br \/>\n<strong>Cr\u00e8mepat\u00e9:<\/strong> groenten<br \/>\n<strong>Bikini:<\/strong> pr\u00e9par\u00e9, gele bickysaus, gedroogde ui en groenten<br \/>\n<strong>Tartino:<\/strong> pr\u00e9par\u00e9, tartaar, gedroogde ui en groenten<br \/>\n<strong>Club Am\u00e9ricain:<\/strong> pr\u00e9par\u00e9, groenten en ketchup<br \/>\n<strong>Club special:<\/strong> ham, kaas, groenten<br \/>\n<strong>Mexico:<\/strong> pr\u00e9par\u00e9, ajuin, groenten en martinosaus<\/p>\n<p><strong>Trio:<\/strong> kaas, ham en salami, groenten<br \/>\n<strong>Tropic: <\/strong>ham, kaas, ananas, groenten<br \/>\n<strong>Martino:<\/strong> pr\u00e9par\u00e9, groenten, tabasco, anjovis en martinosaus<\/p>\n<p><span style=\"text-decoration: underline;\"><strong>Vis:<\/strong><\/span><\/p>\n<p><strong>Tonijnsalade:<\/strong> groenten<br \/>\n<strong>Tonijncocktail:<\/strong> groenten<br \/>\n<strong>Tonijntino:<\/strong> groenten en martinosaus en verse ui<br \/>\n<strong>Tonijn pikant:<\/strong> groenten<br \/>\n<strong>Krabsalade:<\/strong> groenten<br \/>\n<strong>Noordzeesalade:<\/strong> groenten<br \/>\n<strong>Zalmsalade:<\/strong> groenten<\/p>\n<p><strong>Garnaalsalade:<\/strong> groenten<br \/>\n<strong>Scampi looksaus:<\/strong> groenten<br \/>\n<strong>Scampi diablo:<\/strong> groenten<br \/>\n<strong>Gerookte zalm special:<\/strong> groenten, ajuin, mayonaise<br \/>\n<strong>Gerookte heilbot:<\/strong> groenten en saus<br \/>\n<strong>Gerookte zalm phila:<\/strong> groenten, philadelphia en zalm<\/p>\n<p><span style=\"text-decoration: underline;\"><strong>Kaas:<\/strong><\/span><\/p>\n<p><strong>Kaas:<\/strong> groenten, mayonaise<br \/>\n<strong>Philadelphia:<\/strong> groenten<br \/>\n<strong>Brie:<\/strong> brie, boter, groenten<\/p>\n<p><strong>Brie speciaal:<\/strong> brie, honing, nootjes en groenten<br \/>\n<strong>Gatekaas<br \/>\n<\/strong><\/p>\n<p><strong>Mozzarella:<\/strong>Mozzarella, tomaat, pesto, basilicum, olijfolie<\/p>\n<p><strong>Mozzarella speciaal:<\/strong> tomaat, pesto, basilicum, gerookte ham en gedroogde tomaat<\/p>\n<p><span style=\"text-decoration: underline;\"><strong>Andere:<\/strong><\/span><\/p>\n<p><strong>Vegetarisch:<\/strong> sla, tomaat, wortelen, komkommer, ananas en ei<br \/>\n<strong>Choco:<\/strong> choco en boter<br \/>\n<strong>Lentesla:<\/strong> groenten<br \/>\n<strong>Eiersalade:<\/strong> groenten<\/p>\n<p><span style=\"text-decoration: underline;\"><strong>Warme broodjes:<\/strong><\/span><\/p>\n<p><strong>Frikandel:<\/strong><br \/>\n<strong>Boulet:<\/strong><br \/>\n<strong>Baguetteburger:<\/strong><br \/>\n<strong>Kipburger:<\/strong><br \/>\n<strong>Fichburger:<\/strong><br \/>\n<strong>Hannibal:<\/strong> hamburger, gedroogde ui en hannibalsaus<br \/>\n<strong>Mexicano:<\/strong> Mexicano, gedroogde ui en hannibalsaus<br \/>\n<strong>Pita:<\/strong> groenten<\/p>\n<p><strong><span style=\"text-decoration: underline;\">Panini\u2019s<\/span>(warme gegrilde broodjes)<\/strong><\/p>\n<p><strong>Panini Imperial:<\/strong> Salami, tomaat, mozzarella<\/p>\n<p><strong>Panini Italia:<\/strong> Gerookte ham, tomaat, basilicum, mozzarella<\/p>\n<p><strong>Panini Marc\u00e8 extra: <\/strong>Gerookte zalm, tomaat, gekookt ei, pesto, mozzarella<br \/>\n<strong>Panini Royal:<\/strong> Gerookte zalm, tomaat, ananas, pesto, mozzarella<\/p>\n<p>Panini Prosciotto: Gerookte zalm, tomaat, pesto, mozzarella<\/p>\n<p><span style=\"text-decoration: underline;\"><strong>Salades:<\/strong><\/span> Half broodje en bestek inbegrepen<br \/>\nSALADE MOZZARELLA<br \/>\nSALADE NICOISE<br \/>\nSALADE GARNALEN<br \/>\nSALADE ZALM<br \/>\nKOUDE VLEES- OF VISSCHOTEL<br \/>\nVEGETARISCHE SCHOTEL<\/p>\n<p><strong>RECEPTIEBROODJES TE VERKRIJGEN<\/strong><\/p>\n<p><a href=\"https:\/\/broodjeszaaklimento.be\/wp-content\/uploads\/2013\/10\/foto1.jpg\"><img loading=\"lazy\" decoding=\"async\" class=\"size-thumbnail wp-image-167 alignleft\" src=\"https:\/\/broodjeszaaklimento.be\/wp-content\/uploads\/2013\/10\/foto1-150x150.jpg\" alt=\"foto\" width=\"150\" height=\"150\" \/><\/a><\/p>\n<p>5 Broodjes per persoon<br \/>\n6 Broodjes per persoon<br \/>\n7 Broodjes per persoon <strong><br \/>\n<\/strong><\/p>\n<p>De broodjes zijn belegd met verschillende soorten beleg en groenten<\/p>\n<p><span style=\"text-decoration: underline;\"><strong>Ontbijtmanden en verrassingsmanden te verkrijgen<\/strong><\/span><\/p>\n<p><a href=\"https:\/\/broodjeszaaklimento.be\/wp-content\/uploads\/2013\/10\/foto.jpg\"><img loading=\"lazy\" decoding=\"async\" class=\"alignleft size-thumbnail wp-image-135\" src=\"https:\/\/broodjeszaaklimento.be\/wp-content\/uploads\/2013\/10\/foto-150x150.jpg\" alt=\"foto\" width=\"150\" height=\"150\" \/><\/a>\u00a0<a href=\"https:\/\/broodjeszaaklimento.be\/wp-content\/uploads\/2013\/10\/image1.jpeg\"><img loading=\"lazy\" decoding=\"async\" class=\"alignleft size-thumbnail wp-image-136\" src=\"https:\/\/broodjeszaaklimento.be\/wp-content\/uploads\/2013\/10\/image1-150x150.jpeg\" alt=\"image[1]\" width=\"150\" height=\"150\" \/><\/a><\/p>\n<p><span style=\"text-decoration: underline;\"><strong>Soep:<\/strong><\/span> Iedere dag verse soep<\/p>\n<p><strong>\u00bd liter<\/strong> dagverse soep<\/p>\n<p><strong>1 Liter<\/strong> dagverse soep<\/p>\n<p><strong><span style=\"text-decoration: underline;\">Dranken:<\/span><\/strong><br \/>\nCola, Cola-Light, Cola-Zero, Fanta, Sprite, Plat of Spuitwater, Ice-tea, Pepsi-max, Jupiler, Chocomelk, fruitsap, Red Bull<\/p>\n","protected":false},"excerpt":{"rendered":"<p>Broodjes: Groenten: sla, tomaten, wortelen en ei Sauzen: mayonnaise, cocktail, ketchup tomaat\/curry, looksaus, hannibal, tartaar, bickysaus, samourai, martinosaus, mosterd, joppie en pepersaus Vlees: Pr\u00e9par\u00e9: pr\u00e9par\u00e9, groenten Ham: ham, groenten Parmaham: groenten Salami: salami, groenten Pepersalami: pepersalami, groenten Chorizo: groenten Vleessalade: groenten Kipsalade: groenten Kip samourai: groenten Kip hawai: groenten Kip curry: groenten Kipfilet: groenten Pitasalade: [&hellip;]<\/p>\n","protected":false},"author":1,"featured_media":0,"parent":0,"menu_order":0,"comment_status":"open","ping_status":"open","template":"","meta":{"footnotes":""},"_links":{"self":[{"href":"https:\/\/broodjeszaaklimento.be\/index.php?rest_route=\/wp\/v2\/pages\/17"}],"collection":[{"href":"https:\/\/broodjeszaaklimento.be\/index.php?rest_route=\/wp\/v2\/pages"}],"about":[{"href":"https:\/\/broodjeszaaklimento.be\/index.php?rest_route=\/wp\/v2\/types\/page"}],"author":[{"embeddable":true,"href":"https:\/\/broodjeszaaklimento.be\/index.php?rest_route=\/wp\/v2\/users\/1"}],"replies":[{"embeddable":true,"href":"https:\/\/broodjeszaaklimento.be\/index.php?rest_route=%2Fwp%2Fv2%2Fcomments&post=17"}],"version-history":[{"count":42,"href":"https:\/\/broodjeszaaklimento.be\/index.php?rest_route=\/wp\/v2\/pages\/17\/revisions"}],"predecessor-version":[{"id":202,"href":"https:\/\/broodjeszaaklimento.be\/index.php?rest_route=\/wp\/v2\/pages\/17\/revisions\/202"}],"wp:attachment":[{"href":"https:\/\/broodjeszaaklimento.be\/index.php?rest_route=%2Fwp%2Fv2%2Fmedia&parent=17"}],"curies":[{"name":"wp","href":"https:\/\/api.w.org\/{rel}","templated":true}]}}